{"id":8,"date":"2024-03-18T14:14:20","date_gmt":"2024-03-18T14:14:20","guid":{"rendered":"https:\/\/new.kathsens.ch\/?page_id=8"},"modified":"2024-08-19T13:59:44","modified_gmt":"2024-08-19T13:59:44","slug":"accueil","status":"publish","type":"page","link":"https:\/\/kathsens.ch\/","title":{"rendered":"Accueil"},"content":{"rendered":"<div>\n<p><strong>Bienvenue chez KATH &amp; Sens, lymphoth\u00e9rapeute et massoth\u00e9rapeute<\/strong><\/p>\n<p>Bas\u00e9s sur des techniques classiques, <span>mes massages sont adapt\u00e9s\u00a0 \u00e0 chaque\u00a0individu <\/span><span>en fonction de sa situation, son humeur et son \u00e9tat de forme. <\/span><\/p>\n<p><span>Mon intuition et mon ressenti m\u2019aident aussi lors du massage\u00a0<\/span><span>afin que\u00a0vous passiez un agr\u00e9able moment.<\/span><\/p>\n<\/div>\n<p><img decoding=\"async\" src=\"\/wp-content\/uploads\/2024\/03\/Accueil-massages-e2f444ca.webp\" alt=\"\"><\/p>\n<div>\n<p><strong>En tant que m\u00e9decine douce,\u00a0<\/strong><br \/><strong>la massoth\u00e9rapie ne peut pas soigner tous\u00a0les maux,\u00a0<\/strong><br \/><strong>mais peut soulager et compl\u00e9ter une autre th\u00e9rapie.<\/strong><\/p>\n<\/div>\n<p><!--more--><br \/>\n<!-- {\"type\":\"layout\",\"children\":[{\"name\":\"acceuil1\",\"type\":\"section\",\"props\":{\"image_position\":\"center-center\",\"padding_remove_bottom\":true,\"padding_remove_top\":true,\"style\":\"muted\",\"title_breakpoint\":\"xl\",\"title_position\":\"top-left\",\"title_rotation\":\"left\",\"vertical_align\":\"\",\"width\":\"default\"},\"children\":[{\"type\":\"row\",\"props\":{\"layout\":\"1-2,1-2\",\"margin\":\"small\",\"margin_remove_bottom\":true,\"margin_remove_top\":true,\"match\":false,\"vertical_align\":true},\"children\":[{\"type\":\"column\",\"props\":{\"image_position\":\"center-center\",\"position_sticky_breakpoint\":\"m\",\"vertical_align\":\"middle\",\"width_medium\":\"1-2\"},\"children\":[{\"type\":\"text\",\"props\":{\"column_breakpoint\":\"m\",\"content\":\"\n\n<p><strong>Bienvenue chez KATH &amp; Sens, lymphoth\\u00e9rapeute et massoth\\u00e9rapeute<\\\/strong><\\\/p>\\n\n\n<p>Bas\\u00e9s sur des techniques classiques, <span>mes massages sont adapt\\u00e9s\\u00a0 \\u00e0 chaque\\u00a0individu <\\\/span><span>en fonction de sa situation, son humeur et son \\u00e9tat de forme. <\\\/span><\\\/p>\\n\n\n<p><span>Mon intuition et mon ressenti m\\u2019aident aussi lors du massage\\u00a0<\\\/span><span>afin que\\u00a0vous passiez un agr\\u00e9able moment.<\\\/span><\\\/p>\",\"margin\":\"\",\"margin_remove_bottom\":false}}]},{\"type\":\"column\",\"props\":{\"image_position\":\"center-center\",\"position_sticky_breakpoint\":\"m\",\"vertical_align\":\"middle\",\"width_medium\":\"1-2\"},\"children\":[{\"type\":\"image\",\"props\":{\"image\":\"wp-content\\\/uploads\\\/2024\\\/03\\\/Accueil-massages-e2f444ca.webp\",\"image_svg_color\":\"emphasis\",\"margin\":\"default\",\"margin_remove_top\":false}}]}]}]},{\"type\":\"section\",\"props\":{\"image_position\":\"center-center\",\"padding\":\"xsmall\",\"style\":\"default\",\"title_breakpoint\":\"xl\",\"title_position\":\"top-left\",\"title_rotation\":\"left\",\"vertical_align\":\"\",\"width\":\"default\"},\"children\":[{\"type\":\"row\",\"children\":[{\"type\":\"column\",\"props\":{\"image_position\":\"center-center\",\"position_sticky_breakpoint\":\"m\"},\"children\":[{\"type\":\"text\",\"props\":{\"column_breakpoint\":\"m\",\"content\":\"\n\n<p><strong>En tant que m\\u00e9decine douce,\\u00a0<\\\/strong><br \\\/><strong>la massoth\\u00e9rapie ne peut pas soigner tous\\u00a0les maux,\\u00a0<\\\/strong><br \\\/><strong>mais peut soulager et compl\\u00e9ter une autre th\\u00e9rapie.<\\\/strong><\\\/p>\",\"margin\":\"default\",\"margin_remove_bottom\":true,\"margin_remove_top\":true,\"text_align\":\"center\"}}]}]}]},{\"type\":\"section\",\"props\":{\"image_position\":\"center-center\",\"style\":\"default\",\"title_breakpoint\":\"xl\",\"title_position\":\"top-left\",\"title_rotation\":\"left\",\"vertical_align\":\"\",\"width\":\"default\"},\"children\":[{\"type\":\"row\",\"children\":[{\"type\":\"column\",\"props\":{\"image_position\":\"center-center\",\"position_sticky_breakpoint\":\"m\"}}]}]}],\"version\":\"4.4.7\"} --><\/p>\n","protected":false},"excerpt":{"rendered":"<p>Bienvenue chez KATH &amp; Sens, lymphoth\u00e9rapeute et massoth\u00e9rapeute Bas\u00e9s sur des techniques classiques, mes massages sont adapt\u00e9s\u00a0 \u00e0 chaque\u00a0individu en fonction de sa situation, son humeur et son \u00e9tat de forme. Mon intuition et mon ressenti m\u2019aident aussi lors du massage\u00a0afin que\u00a0vous passiez un agr\u00e9able moment. En tant que m\u00e9decine douce,\u00a0la massoth\u00e9rapie ne peut pas [&hellip;]<\/p>\n","protected":false},"author":2,"featured_media":0,"parent":0,"menu_order":0,"comment_status":"closed","ping_status":"closed","template":"","meta":{"footnotes":""},"class_list":["post-8","page","type-page","status-publish","hentry"],"_links":{"self":[{"href":"https:\/\/kathsens.ch\/index.php\/wp-json\/wp\/v2\/pages\/8","targetHints":{"allow":["GET"]}}],"collection":[{"href":"https:\/\/kathsens.ch\/index.php\/wp-json\/wp\/v2\/pages"}],"about":[{"href":"https:\/\/kathsens.ch\/index.php\/wp-json\/wp\/v2\/types\/page"}],"author":[{"embeddable":true,"href":"https:\/\/kathsens.ch\/index.php\/wp-json\/wp\/v2\/users\/2"}],"replies":[{"embeddable":true,"href":"https:\/\/kathsens.ch\/index.php\/wp-json\/wp\/v2\/comments?post=8"}],"version-history":[{"count":15,"href":"https:\/\/kathsens.ch\/index.php\/wp-json\/wp\/v2\/pages\/8\/revisions"}],"predecessor-version":[{"id":148,"href":"https:\/\/kathsens.ch\/index.php\/wp-json\/wp\/v2\/pages\/8\/revisions\/148"}],"wp:attachment":[{"href":"https:\/\/kathsens.ch\/index.php\/wp-json\/wp\/v2\/media?parent=8"}],"curies":[{"name":"wp","href":"https:\/\/api.w.org\/{rel}","templated":true}]}}