{"id":10,"date":"2024-03-18T14:14:40","date_gmt":"2024-03-18T14:14:40","guid":{"rendered":"https:\/\/new.kathsens.ch\/?page_id=10"},"modified":"2025-06-30T11:03:01","modified_gmt":"2025-06-30T11:03:01","slug":"presentation","status":"publish","type":"page","link":"https:\/\/kathsens.ch\/index.php\/presentation\/","title":{"rendered":"Pr\u00e9sentation"},"content":{"rendered":"<p><img decoding=\"async\" src=\"\/wp-content\/uploads\/2024\/04\/20230523_145023.jpg\" alt=\"\"><\/p>\n<div>\n<p>Ayant travaill\u00e9 plus de 20 ans dans les soins \u00e0 domiciles, j\u2019ai d\u00e9cid\u00e9 de donner une nouvelle orientation \u00e0 ma vie professionnelle.<\/p>\n<p>Cela m\u2019a amen\u00e9 \u00e0 entreprendre une formation en massage classique th\u00e9rapeutique en 2015 et en connaissance de base en m\u00e9decine acad\u00e9mique en 2016 \u00e0 l&rsquo;\u00e9cole EPIDAURE puis de parfaire mes connaissances en suivant diverses formations compl\u00e9mentaires, notamment en Drainage lymphatique manuel m\u00e9thode originale Dr Vodder chez AIDMOV.<\/p>\n<p>Passion\u00e9e par tous les bienfaits des plantes, je fais la plupart de mes mac\u00e9r\u00e2ts huileux avec des plantes de la r\u00e9gion. Je cr\u00e9e \u00e9galement des synergies avec des huiles essentielles de qualit\u00e9s pour diverses probl\u00e9matiques. J\u2019ai suivi un cours d\u2019aromath\u00e9rapie familiale de base.<\/p>\n<p>Le contact et le toucher a toujours \u00e9t\u00e9 pour moi tr\u00e8s important et je souhaite pouvoir vous offrir un moment de d\u00e9tente et de soin en mettant \u00e0 votre disposition tout mon savoir, mon inspiration et mon \u00e9nergie \u00e0 votre service afin de vous apporter \u00e9quilibre et harmonie.<\/p>\n<p>Je me d\u00e9place \u00e0 domicile ou en institution pour le drainage lymphatique, pour autant que vous ayez un lit \u00e9lectrique.<\/p>\n<p><strong>Formations<\/strong><\/p>\n<p>-2013 Aromath\u00e9rapie familiale, Ecole club Migros 6h<\/p>\n<p>-2015 Formation massage classique \u00e0 but th\u00e9rapeutique, \u00e9cole Epidaure, 150h<\/p>\n<p>-2016 Cours de m\u00e9decine acad\u00e9mique et science m\u00e9dicale, \u00e9cole Epidaure, 168h<\/p>\n<p>-2016 Formation massage pr\u00e9natal, \u00e9cole Ecovie, 32h<\/p>\n<p>-2017 formation massage assis Chantani, 16h<\/p>\n<p>-2017 \u00e0 2019 Formation en drainage lymphatique manuel selon la m\u00e9thode originale du Dr Emil Vodder, AIDMOV, 240h<\/p>\n<p>-2019 Formation bandage compressif pour lymphoed\u00e8me, AIDMOV, 16h<\/p>\n<p>-2019 Formation Lymphotaping, AIDMOV, 16h<\/p>\n<p>-2019 Traitement du dos, M\u00e9di-academy 8h<\/p>\n<p>-2020-2021, Magn\u00e9tisme niveau 1, 2 et 3, Centre Holo\u00efde, 24h<\/p>\n<p>-2021 Massage Lemniscate, Ecole Indigo, 8h<\/p>\n<p>-2021 Traitement en drainage lymphatique manuel des pathologies orthop\u00e9diques de la hanche et de l&rsquo;\u00e9paule en pr\u00e9 et post chirurgie, AIDMOV, 16h<\/p>\n<p>-2022 Points Trigger, Centre Holo\u00efde, 16h<\/p>\n<p>-2023 Traitement en drainage lymphatique manuel dans un lymphoed\u00e8me secondaire \u00e0 une chirurgie suite \u00e0 un cancer du sein ou suite \u00e0 une reconstruction mammaire, \u00e9cole Lympho-drainage-vitalit\u00e9, 16h<\/p>\n<p>-2023 Traitement de pr\u00e9cision en drainage lymphatique manuel des pathologies cervico-faciales. Suite de rayons ou op\u00e9rations cancer de la gorge, chirurgie esth\u00e9tique, h\u00e9matome facial, 16h<\/p>\n<p>-2024 Pose de ventouses 16h, Ecole Odesens<\/p>\n<p>-2025 NST ost\u00e9ospinal 40h, Ecole Dynamis avec Micha\u00ebl Nixon-Livy concepteur de la m\u00e9thode.<\/p>\n<\/p>\n<\/p>\n<\/div>\n<p><!--more--><br \/>\n<!-- {\"type\":\"layout\",\"children\":[{\"name\":\"pres2\",\"type\":\"section\",\"props\":{\"image_position\":\"center-center\",\"padding\":\"small\",\"padding_remove_bottom\":true,\"padding_remove_top\":false,\"style\":\"default\",\"title_breakpoint\":\"xl\",\"title_position\":\"top-left\",\"title_rotation\":\"left\",\"vertical_align\":\"\",\"width\":\"default\"},\"children\":[{\"type\":\"row\",\"children\":[{\"type\":\"column\",\"props\":{\"image_position\":\"center-center\",\"position_sticky_breakpoint\":\"m\"},\"children\":[{\"type\":\"image\",\"props\":{\"image\":\"wp-content\\\/uploads\\\/2024\\\/04\\\/20230523_145023.jpg\",\"image_svg_color\":\"emphasis\",\"margin\":\"default\",\"text_align\":\"center\"}}]}]}]},{\"type\":\"section\",\"props\":{\"image_position\":\"center-center\",\"padding_remove_top\":false,\"style\":\"default\",\"title_breakpoint\":\"xl\",\"title_position\":\"top-left\",\"title_rotation\":\"left\",\"vertical_align\":\"\",\"width\":\"default\"},\"children\":[{\"type\":\"row\",\"children\":[{\"type\":\"column\",\"props\":{\"image_position\":\"center-center\",\"position_sticky_breakpoint\":\"m\"},\"children\":[{\"type\":\"text\",\"props\":{\"column_breakpoint\":\"m\",\"content\":\"\n\n<p>Ayant travaill\\u00e9 plus de 20 ans dans les soins \\u00e0 domiciles, j\\u2019ai d\\u00e9cid\\u00e9 de donner une nouvelle orientation \\u00e0 ma vie professionnelle.<br \\\/><br \\\/>Cela m\\u2019a amen\\u00e9 \\u00e0 entreprendre une formation en massage classique th\\u00e9rapeutique en 2015 et en connaissance de base en m\\u00e9decine acad\\u00e9mique en 2016 \\u00e0 l'\\u00e9cole EPIDAURE puis de parfaire mes connaissances en suivant diverses formations compl\\u00e9mentaires, notamment en Drainage lymphatique manuel m\\u00e9thode originale Dr Vodder chez AIDMOV.<br \\\/><br \\\/>Passion\\u00e9e par tous les bienfaits des plantes, je fais la plupart de mes mac\\u00e9r\\u00e2ts huileux avec des plantes de la r\\u00e9gion. Je cr\\u00e9e \\u00e9galement des synergies avec des huiles essentielles de qualit\\u00e9s pour diverses probl\\u00e9matiques. J\\u2019ai suivi un cours d\\u2019aromath\\u00e9rapie familiale de base.<br \\\/><br \\\/>Le contact et le toucher a toujours \\u00e9t\\u00e9 pour moi tr\\u00e8s important et je souhaite pouvoir vous offrir un moment de d\\u00e9tente et de soin en mettant \\u00e0 votre disposition tout mon savoir, mon inspiration et mon \\u00e9nergie \\u00e0 votre service afin de vous apporter \\u00e9quilibre et harmonie.<br \\\/><br \\\/>Je me d\\u00e9place \\u00e0 domicile ou en institution pour le drainage lymphatique, pour autant que vous ayez un lit \\u00e9lectrique.<\\\/p>\\n\n\n<p><strong>Formations<\\\/strong><\\\/p>\\n\n\n<p>-2013 Aromath\\u00e9rapie familiale, Ecole club Migros 6h<\\\/p>\\n\n\n<p>-2015 Formation massage classique \\u00e0 but th\\u00e9rapeutique, \\u00e9cole Epidaure, 150h<\\\/p>\\n\n\n<p>-2016 Cours de m\\u00e9decine acad\\u00e9mique et science m\\u00e9dicale, \\u00e9cole Epidaure, 168h<\\\/p>\\n\n\n<p>-2016 Formation massage pr\\u00e9natal, \\u00e9cole Ecovie, 32h<\\\/p>\\n\n\n<p>-2017 formation massage assis Chantani, 16h<\\\/p>\\n\n\n<p>-2017 \\u00e0 2019 Formation en drainage lymphatique manuel selon la m\\u00e9thode originale du Dr Emil Vodder, AIDMOV, 240h<\\\/p>\\n\n\n<p>-2019 Formation bandage compressif pour lymphoed\\u00e8me, AIDMOV, 16h<\\\/p>\\n\n\n<p>-2019 Formation Lymphotaping, AIDMOV, 16h<\\\/p>\\n\n\n<p>-2019 Traitement du dos, M\\u00e9di-academy 8h<\\\/p>\\n\n\n<p>-2020-2021, Magn\\u00e9tisme niveau 1, 2 et 3, Centre Holo\\u00efde, 24h<\\\/p>\\n\n\n<p>-2021 Massage Lemniscate, Ecole Indigo, 8h<\\\/p>\\n\n\n<p>-2021 Traitement en drainage lymphatique manuel des pathologies orthop\\u00e9diques de la hanche et de l'\\u00e9paule en pr\\u00e9 et post chirurgie, AIDMOV, 16h<\\\/p>\\n\n\n<p>-2022 Points Trigger, Centre Holo\\u00efde, 16h<\\\/p>\\n\n\n<p>-2023 Traitement en drainage lymphatique manuel dans un lymphoed\\u00e8me secondaire \\u00e0 une chirurgie suite \\u00e0 un cancer du sein ou suite \\u00e0 une reconstruction mammaire, \\u00e9cole Lympho-drainage-vitalit\\u00e9, 16h<\\\/p>\\n\n\n<p>-2023 Traitement de pr\\u00e9cision en drainage lymphatique manuel des pathologies cervico-faciales. Suite de rayons ou op\\u00e9rations cancer de la gorge, chirurgie esth\\u00e9tique, h\\u00e9matome facial, 16h<\\\/p>\\n\n\n<p>-2024 Pose de ventouses 16h, Ecole Odesens<\\\/p>\\n\n\n<p>-2025 NST ost\\u00e9ospinal 40h, Ecole Dynamis avec Micha\\u00ebl Nixon-Livy concepteur de la m\\u00e9thode.<\\\/p>\\n\n\n<p><\\\/p>\\n\n\n<p><\\\/p>\\n\n\n<p><\\\/p>\",\"margin\":\"default\"}}]}]}]}],\"version\":\"4.5.21\"} --><\/p>\n","protected":false},"excerpt":{"rendered":"<p>Ayant travaill\u00e9 plus de 20 ans dans les soins \u00e0 domiciles, j\u2019ai d\u00e9cid\u00e9 de donner une nouvelle orientation \u00e0 ma vie professionnelle. Cela m\u2019a amen\u00e9 \u00e0 entreprendre une formation en massage classique th\u00e9rapeutique en 2015 et en connaissance de base en m\u00e9decine acad\u00e9mique en 2016 \u00e0 l&rsquo;\u00e9cole EPIDAURE puis de parfaire mes connaissances en suivant [&hellip;]<\/p>\n","protected":false},"author":2,"featured_media":0,"parent":0,"menu_order":0,"comment_status":"closed","ping_status":"closed","template":"","meta":{"footnotes":""},"class_list":["post-10","page","type-page","status-publish","hentry"],"_links":{"self":[{"href":"https:\/\/kathsens.ch\/index.php\/wp-json\/wp\/v2\/pages\/10","targetHints":{"allow":["GET"]}}],"collection":[{"href":"https:\/\/kathsens.ch\/index.php\/wp-json\/wp\/v2\/pages"}],"about":[{"href":"https:\/\/kathsens.ch\/index.php\/wp-json\/wp\/v2\/types\/page"}],"author":[{"embeddable":true,"href":"https:\/\/kathsens.ch\/index.php\/wp-json\/wp\/v2\/users\/2"}],"replies":[{"embeddable":true,"href":"https:\/\/kathsens.ch\/index.php\/wp-json\/wp\/v2\/comments?post=10"}],"version-history":[{"count":13,"href":"https:\/\/kathsens.ch\/index.php\/wp-json\/wp\/v2\/pages\/10\/revisions"}],"predecessor-version":[{"id":150,"href":"https:\/\/kathsens.ch\/index.php\/wp-json\/wp\/v2\/pages\/10\/revisions\/150"}],"wp:attachment":[{"href":"https:\/\/kathsens.ch\/index.php\/wp-json\/wp\/v2\/media?parent=10"}],"curies":[{"name":"wp","href":"https:\/\/api.w.org\/{rel}","templated":true}]}}